{"id":74,"date":"2025-03-19T16:00:02","date_gmt":"2025-03-19T15:00:02","guid":{"rendered":"https:\/\/minerve-immobilier.com\/?page_id=74"},"modified":"2025-09-14T22:49:41","modified_gmt":"2025-09-14T20:49:41","slug":"nos-biens-en-vente-2","status":"publish","type":"page","link":"https:\/\/minerve-immobilier.com\/index.php\/nos-biens-en-vente-2\/","title":{"rendered":"Achat \/ vente"},"content":{"rendered":"\n<p class=\"has-foreground-color has-text-color has-link-color has-source-serif-pro-font-family wp-elements-c31f496703518ccce9e8fc05d131ad6a\"><strong>Les biens que nous proposons se retrouvent sur l&#8217;ensemble des portails immobiliers.<\/strong> Sur Se Loger, le principal portail avec lequel nous travaillons, nos annonces apparaissent dans les premiers r\u00e9sultats afin de garantir un succ\u00e8s rapide.<\/p>\n\n\n\n<p class=\"has-foreground-color has-text-color has-link-color has-source-serif-pro-font-family wp-elements-8695f47b8c490fe9d983b1331ed9c718\"><strong>Nous cherchons \u00e9galement des biens \u00e0 pr\u00e9senter \u00e0 nos clients<\/strong> acqu\u00e9reurs car nous disposons de base de donn\u00e9es mises \u00e0 jour tr\u00e8s r\u00e9guli\u00e8rement.<\/p>\n\n\n\n<p class=\"has-foreground-color has-text-color has-link-color has-source-serif-pro-font-family wp-elements-a5f9379bc247e044b912364fd2e9516b\">Par cons\u00e9quent, si vous projetez de vendre votre maison \u00e0 court, moyen ou long terme ou\u00a0<strong>si vous avez un projet d\u2019acquisition<\/strong>, n&#8217;h\u00e9sitez pas \u00e0 nous solliciter d\u00e8s \u00e0 pr\u00e9sent : nous serons ravis de pouvoir mettre \u00e0 votre disposition notre\u00a0<strong>savoir-faire<\/strong>.<\/p>\n\n\n\n<p class=\"has-foreground-color has-text-color has-link-color has-source-serif-pro-font-family wp-elements-d2d547d174dfb346708aa76d23639560\">Notre exp\u00e9rience nous permet en effet de faciliter la gestion d\u2019un dossier d\u2019une transaction immobili\u00e8re, y compris complexe, en fluidifiant les relations avec chacune des parties prenantes avec\u00a0<strong>impartialit\u00e9 et transparence<\/strong>\u00a0afin notamment de mieux ma\u00eetriser les d\u00e9lais tout en vous dispensant, si cela vous est utile, de conseils avis\u00e9s en mati\u00e8res patrimoniale et fiscale.<\/p>\n\n\n\n<p class=\"has-foreground-color has-text-color has-link-color has-source-serif-pro-font-family wp-elements-8bfd28d2235cfc4e77d96a0c01547b84\">Outre l\u2019avantage de parfaitement conna\u00eetre le territoire o\u00f9 nous vivons depuis toujours, nous utilisons des outils de communication efficaces, \u00e0 commencer par les principaux portails immobiliers et travaillons de concert avec plusieurs agences, locales et franciliennes, et en toute confiance avec les offices notariaux.<\/p>\n\n\n\n<p class=\"has-foreground-color has-text-color has-link-color has-source-serif-pro-font-family wp-elements-2c8852e2617b82c7b1f34784345c8812\">Votre bien fera l\u2019objet d\u2019un suivi personnalis\u00e9 et d\u2019un interlocuteur unique. Nous nous engageons bien s\u00fbr \u00e0 respecter vos instructions et respecterons naturellement la\u00a0<strong>confidentialit\u00e9<\/strong>\u00a0requise et la\u00a0<strong>transparence<\/strong>\u00a0\u00e0 votre \u00e9gard, en vous rendant compte notamment de toutes les demandes et visites effectu\u00e9es sur votre bien.<\/p>\n\n\n\n<p class=\"has-foreground-color has-text-color has-link-color has-source-serif-pro-font-family wp-elements-aa38d59aeee625ef86383ba04f192ffa\">Nous sommes \u00e0 vos c\u00f4t\u00e9s pour \u00e9tudier avec vous tous vos projets immobiliers, d\u2019achat, de vente ou de location en toute\u00a0<strong>s\u00e9curit\u00e9<\/strong>. Nous nous d\u00e9pla\u00e7ons chez vous sans aucun engagement de votre part pour proc\u00e9der \u00e0 une\u00a0<strong>estimation gratuite<\/strong>\u00a0qui vous sera adress\u00e9e sous forme de dossier.<\/p>\n\n\n\n<p class=\"has-foreground-color has-text-color has-link-color has-source-serif-pro-font-family wp-elements-a589be72ea956134a4b088961465c215\"><strong>Notre cabinet est \u00e0 votre disposition dans le cadre de votre projet immobilier.\u00a0Nous vous accompagnons pour l\u2019estimation (gratuite), l&#8217;achat et la vente de maisons, appartements ou tout autre bien immobilier en toute s\u00e9curit\u00e9. Les conseils juridiques sont par ailleurs compl\u00e8tement gratuits.<\/strong><\/p>\n\n\n\n<p class=\"has-foreground-color has-text-color has-link-color has-source-serif-pro-font-family wp-elements-b631b32bf2a3dd9ea3d6471e4f020bda\">Notre objectif\u00a0:\u00a0\u00a0vous accompagner et vous apporter notre aide pour chacun de vos projets immobiliers correspondant aux \u00e9tapes de votre vie.<\/p>\n\n\n\n<p><\/p>\n\n\n\n<p><\/p>\n\n\n\n<p><\/p>\n\n\n\n<p><\/p>\n\n\n\n<p><\/p>\n\n\n\n<p><\/p>\n\n\n\n<p><\/p>\n\n\n\n<p><\/p>\n\n\n\n<p><\/p>\n","protected":false},"excerpt":{"rendered":"<p>Les biens que nous proposons se retrouvent sur l&#8217;ensemble des portails immobiliers. Sur Se Loger, le principal portail avec lequel nous travaillons, nos annonces apparaissent dans les premiers r\u00e9sultats afin de garantir un succ\u00e8s rapide. Nous cherchons \u00e9galement des biens \u00e0 pr\u00e9senter \u00e0 nos clients acqu\u00e9reurs car nous disposons de base de donn\u00e9es mises \u00e0 [&hellip;]<\/p>\n","protected":false},"author":1,"featured_media":0,"parent":0,"menu_order":0,"comment_status":"closed","ping_status":"closed","template":"page-no-separators","meta":{"footnotes":""},"class_list":["post-74","page","type-page","status-publish","hentry"],"_links":{"self":[{"href":"https:\/\/minerve-immobilier.com\/index.php\/wp-json\/wp\/v2\/pages\/74","targetHints":{"allow":["GET"]}}],"collection":[{"href":"https:\/\/minerve-immobilier.com\/index.php\/wp-json\/wp\/v2\/pages"}],"about":[{"href":"https:\/\/minerve-immobilier.com\/index.php\/wp-json\/wp\/v2\/types\/page"}],"author":[{"embeddable":true,"href":"https:\/\/minerve-immobilier.com\/index.php\/wp-json\/wp\/v2\/users\/1"}],"replies":[{"embeddable":true,"href":"https:\/\/minerve-immobilier.com\/index.php\/wp-json\/wp\/v2\/comments?post=74"}],"version-history":[{"count":17,"href":"https:\/\/minerve-immobilier.com\/index.php\/wp-json\/wp\/v2\/pages\/74\/revisions"}],"predecessor-version":[{"id":112,"href":"https:\/\/minerve-immobilier.com\/index.php\/wp-json\/wp\/v2\/pages\/74\/revisions\/112"}],"wp:attachment":[{"href":"https:\/\/minerve-immobilier.com\/index.php\/wp-json\/wp\/v2\/media?parent=74"}],"curies":[{"name":"wp","href":"https:\/\/api.w.org\/{rel}","templated":true}]}}