{"id":47,"date":"2025-03-19T12:03:38","date_gmt":"2025-03-19T11:03:38","guid":{"rendered":"https:\/\/minerve-immobilier.com\/?page_id=47"},"modified":"2025-09-14T22:27:51","modified_gmt":"2025-09-14T20:27:51","slug":"qui-sommes-nous","status":"publish","type":"page","link":"https:\/\/minerve-immobilier.com\/index.php\/qui-sommes-nous\/","title":{"rendered":"Qui sommes-nous ?"},"content":{"rendered":"\n<p class=\"has-foreground-color has-text-color has-link-color has-source-serif-pro-font-family has-x-large-font-size wp-elements-f92729679995760198b6113c821c8d40\"><\/p>\n\n\n\n<p class=\"has-foreground-color has-text-color has-link-color has-source-serif-pro-font-family wp-elements-20fe166c339601d0f5118d8b7e9f5756\">Fond\u00e9 en 2022 par Jean-Edouard Gueugnon, Minerve Immobilier s\u2019attache \u00e0 apporter \u00e0 ses clients, vendeurs et acqu\u00e9reurs, un service personnalis\u00e9 et de qualit\u00e9.<\/p>\n\n\n\n<p class=\"has-foreground-color has-text-color has-link-color has-source-serif-pro-font-family wp-elements-45b0477726001824120e6931da41b60b\">Loin de certaines structures dans lesquelles le client est un num\u00e9ro, Minerve Immobilier choisit ses mandats et apporte une r\u00e9ponse circonstanci\u00e9e et adapt\u00e9e \u00e0 chacun d\u2019entre eux.<\/p>\n\n\n\n<p class=\"has-foreground-color has-text-color has-link-color has-source-serif-pro-font-family wp-elements-71b712718b84b238d1bf13c6c01bbf20\">Appartenant au R\u00e9seau Agences de France, Minerve Immobilier utilise l\u2019int\u00e9gralit\u00e9 des plateformes existantes\u00a0: SeLoger, Logic Immo, Ouest France immo, Maisons &amp; appartements, Paruvendu, Seloger bureaux &amp; commerces, Bureaux Locaux, Belles demeures et Lux-r\u00e9sidence, R\u00e9sidences immobilier, Belles pierres, Le Figaro, Propri\u00e9t\u00e9s Le Figaro, Gens de confiance, Jinka, Properstar et Acheterlouer.<\/p>\n\n\n\n<p class=\"has-foreground-color has-text-color has-link-color has-source-serif-pro-font-family wp-elements-0441f2444f616fb165e8605e19cb56b7\">En outre, nous travaillons avec plusieurs agences, locales et parisiennes, ce qui nous permet d&#8217;\u00e9tendre les capacit\u00e9s de vente.<\/p>\n\n\n\n<p><\/p>\n","protected":false},"excerpt":{"rendered":"<p>Fond\u00e9 en 2022 par Jean-Edouard Gueugnon, Minerve Immobilier s\u2019attache \u00e0 apporter \u00e0 ses clients, vendeurs et acqu\u00e9reurs, un service personnalis\u00e9 et de qualit\u00e9. Loin de certaines structures dans lesquelles le client est un num\u00e9ro, Minerve Immobilier choisit ses mandats et apporte une r\u00e9ponse circonstanci\u00e9e et adapt\u00e9e \u00e0 chacun d\u2019entre eux. Appartenant au R\u00e9seau Agences de [&hellip;]<\/p>\n","protected":false},"author":1,"featured_media":0,"parent":0,"menu_order":0,"comment_status":"closed","ping_status":"closed","template":"","meta":{"footnotes":""},"class_list":["post-47","page","type-page","status-publish","hentry"],"_links":{"self":[{"href":"https:\/\/minerve-immobilier.com\/index.php\/wp-json\/wp\/v2\/pages\/47","targetHints":{"allow":["GET"]}}],"collection":[{"href":"https:\/\/minerve-immobilier.com\/index.php\/wp-json\/wp\/v2\/pages"}],"about":[{"href":"https:\/\/minerve-immobilier.com\/index.php\/wp-json\/wp\/v2\/types\/page"}],"author":[{"embeddable":true,"href":"https:\/\/minerve-immobilier.com\/index.php\/wp-json\/wp\/v2\/users\/1"}],"replies":[{"embeddable":true,"href":"https:\/\/minerve-immobilier.com\/index.php\/wp-json\/wp\/v2\/comments?post=47"}],"version-history":[{"count":7,"href":"https:\/\/minerve-immobilier.com\/index.php\/wp-json\/wp\/v2\/pages\/47\/revisions"}],"predecessor-version":[{"id":104,"href":"https:\/\/minerve-immobilier.com\/index.php\/wp-json\/wp\/v2\/pages\/47\/revisions\/104"}],"wp:attachment":[{"href":"https:\/\/minerve-immobilier.com\/index.php\/wp-json\/wp\/v2\/media?parent=47"}],"curies":[{"name":"wp","href":"https:\/\/api.w.org\/{rel}","templated":true}]}}